{"id":1954,"date":"2022-10-06T14:33:07","date_gmt":"2022-10-06T12:33:07","guid":{"rendered":"https:\/\/www.decoexsa.com\/blog\/"},"modified":"2023-12-18T12:53:45","modified_gmt":"2023-12-18T11:53:45","slug":"news","status":"publish","type":"page","link":"https:\/\/www.decoexsa.com\/en\/news\/","title":{"rendered":"News"},"content":{"rendered":"<p><div class=\"fusion-fullwidth fullwidth-box fusion-builder-row-1 fusion-flex-container has-pattern-background has-mask-background fusion-parallax-none gradient-container-1 nonhundred-percent-fullwidth non-hundred-percent-height-scrolling lazyload fusion-custom-z-index\" style=\"--awb-background-position:center bottom;--awb-background-blend-mode:darken;--awb-border-radius-top-left:0px;--awb-border-radius-top-right:0px;--awb-border-radius-bottom-right:0px;--awb-border-radius-bottom-left:0px;--awb-z-index:20;--awb-min-height:550px;--awb-background-color:rgba(9,38,75,0.6);--awb-background-size:cover;--awb-flex-wrap:wrap;\" data-bg=\"https:\/\/www.decoexsa.com\/wp-content\/uploads\/2023\/04\/blog_cabecera.jpg\" ><div class=\"fusion-builder-row fusion-row fusion-flex-align-items-center fusion-flex-content-wrap\" style=\"max-width:1248px;margin-left: calc(-4% \/ 2 );margin-right: calc(-4% \/ 2 );\"><div class=\"fusion-layout-column fusion_builder_column fusion-builder-column-0 fusion_builder_column_1_1 1_1 fusion-flex-column\" style=\"--awb-bg-size:cover;--awb-width-large:100%;--awb-margin-top-large:0px;--awb-spacing-right-large:1.92%;--awb-margin-bottom-large:20px;--awb-spacing-left-large:1.92%;--awb-width-medium:100%;--awb-order-medium:0;--awb-spacing-right-medium:1.92%;--awb-spacing-left-medium:1.92%;--awb-width-small:100%;--awb-order-small:0;--awb-spacing-right-small:1.92%;--awb-spacing-left-small:1.92%;\"><div class=\"fusion-column-wrapper fusion-column-has-shadow fusion-flex-justify-content-flex-start fusion-content-layout-column\"><div class=\"fusion-title title fusion-title-1 fusion-sep-none fusion-title-center fusion-title-text fusion-title-size-one\" style=\"--awb-text-color:var(--awb-color1);--awb-font-size:2.4em;\"><h1 class=\"fusion-title-heading title-heading-center fusion-responsive-typography-calculated\" style=\"font-family:&quot;Lato&quot;;font-style:normal;font-weight:900;margin:0;font-size:1em;text-transform:uppercase;--fontSize:38.4;line-height:var(--awb-typography1-line-height);\">Blog<\/h1><\/div><div class=\"fusion-separator fusion-full-width-sep\" style=\"align-self: center;margin-left: auto;margin-right: auto;margin-bottom:30px;width:100%;\"><div class=\"fusion-separator-border sep-single sep-solid\" style=\"--awb-height:20px;--awb-amount:20px;--awb-sep-color:rgba(255,255,255,0.4);border-color:rgba(255,255,255,0.4);border-top-width:2px;\"><\/div><\/div><div class=\"fusion-text fusion-text-1\" style=\"--awb-content-alignment:center;--awb-font-size:2.6em;--awb-line-height:1.2;--awb-text-color:var(--awb-color1);--awb-text-font-family:&quot;Lato&quot;;--awb-text-font-style:normal;--awb-text-font-weight:300;\"><p>Bienvenidos al blog de DECOEXSA<\/p>\n<\/div><nav class=\"awb-menu awb-menu_row awb-menu_em-hover mobile-mode-collapse-to-button awb-menu_icons-left awb-menu_dc-yes mobile-trigger-fullwidth-off awb-menu_mobile-toggle awb-menu_indent-center mobile-size-full-absolute loading mega-menu-loading awb-menu_desktop awb-menu_dropdown awb-menu_expand-right awb-menu_transition-fade\" style=\"--awb-font-size:1.1em;--awb-line-height:1.2;--awb-text-transform:uppercase;--awb-gap:10px;--awb-align-items:center;--awb-justify-content:center;--awb-items-padding-top:10px;--awb-items-padding-right:10px;--awb-items-padding-bottom:10px;--awb-items-padding-left:10px;--awb-border-color:var(--awb-color1);--awb-border-top:1px;--awb-border-right:1px;--awb-border-bottom:1px;--awb-border-left:1px;--awb-color:var(--awb-color1);--awb-active-color:var(--awb-color1);--awb-active-border-top:1px;--awb-active-border-right:1px;--awb-active-border-bottom:1px;--awb-active-border-left:1px;--awb-active-border-color:var(--awb-color1);--awb-icons-color:var(--awb-color2);--awb-icons-hover-color:var(--awb-color2);--awb-main-justify-content:flex-start;--awb-mobile-nav-button-align-hor:center;--awb-mobile-trigger-color:var(--awb-color5);--awb-mobile-trigger-background-color:var(--awb-color1);--awb-mobile-justify:center;--awb-mobile-caret-left:auto;--awb-mobile-caret-right:0;--awb-fusion-font-family-typography:&quot;Lato&quot;;--awb-fusion-font-style-typography:normal;--awb-fusion-font-weight-typography:400;--awb-fusion-font-family-submenu-typography:inherit;--awb-fusion-font-style-submenu-typography:normal;--awb-fusion-font-weight-submenu-typography:400;--awb-fusion-font-family-mobile-typography:inherit;--awb-fusion-font-style-mobile-typography:normal;--awb-fusion-font-weight-mobile-typography:400;\" aria-label=\"Categor\u00edas\" data-breakpoint=\"1024\" data-count=\"0\" data-transition-type=\"fade\" data-transition-time=\"300\" data-expand=\"right\"><button type=\"button\" class=\"awb-menu__m-toggle awb-menu__m-toggle_no-text\" aria-expanded=\"false\" aria-controls=\"menu-categorias\"><span class=\"awb-menu__m-toggle-inner\"><span class=\"collapsed-nav-text\"><span class=\"screen-reader-text\">Toggle Navigation<\/span><\/span><span class=\"awb-menu__m-collapse-icon awb-menu__m-collapse-icon_no-text\"><span class=\"awb-menu__m-collapse-icon-open awb-menu__m-collapse-icon-open_no-text fa-bars fas\"><\/span><span class=\"awb-menu__m-collapse-icon-close awb-menu__m-collapse-icon-close_no-text fa-times fas\"><\/span><\/span><\/span><\/button><ul id=\"menu-categorias-en\" class=\"fusion-menu awb-menu__main-ul awb-menu__main-ul_row\"><li  id=\"menu-item-2076\"  class=\"menu-item menu-item-type-taxonomy menu-item-object-category menu-item-2076 awb-menu__li awb-menu__main-li awb-menu__main-li_regular\"  data-item-id=\"2076\"><span class=\"awb-menu__main-background-default awb-menu__main-background-default_fade\"><\/span><span class=\"awb-menu__main-background-active awb-menu__main-background-active_fade\"><\/span><a  href=\"https:\/\/www.decoexsa.com\/en\/category\/corporate\/\" class=\"awb-menu__main-a awb-menu__main-a_regular\"><span class=\"menu-text\">Corporate<\/span><\/a><\/li><li  id=\"menu-item-3151\"  class=\"menu-item menu-item-type-taxonomy menu-item-object-category menu-item-3151 awb-menu__li awb-menu__main-li awb-menu__main-li_regular\"  data-item-id=\"3151\"><span class=\"awb-menu__main-background-default awb-menu__main-background-default_fade\"><\/span><span class=\"awb-menu__main-background-active awb-menu__main-background-active_fade\"><\/span><a  href=\"https:\/\/www.decoexsa.com\/en\/category\/success-stories\/\" class=\"awb-menu__main-a awb-menu__main-a_regular\"><span class=\"menu-text\">Success stories<\/span><\/a><\/li><li  id=\"menu-item-4672\"  class=\"menu-item menu-item-type-taxonomy menu-item-object-category menu-item-4672 awb-menu__li awb-menu__main-li awb-menu__main-li_regular\"  data-item-id=\"4672\"><span class=\"awb-menu__main-background-default awb-menu__main-background-default_fade\"><\/span><span class=\"awb-menu__main-background-active awb-menu__main-background-active_fade\"><\/span><a  href=\"https:\/\/www.decoexsa.com\/en\/category\/success-stories\/\" class=\"awb-menu__main-a awb-menu__main-a_regular\"><span class=\"menu-text\">Success stories<\/span><\/a><\/li><li  id=\"menu-item-3150\"  class=\"menu-item menu-item-type-taxonomy menu-item-object-category menu-item-3150 awb-menu__li awb-menu__main-li awb-menu__main-li_regular\"  data-item-id=\"3150\"><span class=\"awb-menu__main-background-default awb-menu__main-background-default_fade\"><\/span><span class=\"awb-menu__main-background-active awb-menu__main-background-active_fade\"><\/span><a  href=\"https:\/\/www.decoexsa.com\/en\/category\/sectorial-en\/\" class=\"awb-menu__main-a awb-menu__main-a_regular\"><span class=\"menu-text\">Sectorial<\/span><\/a><\/li><li  id=\"menu-item-4673\"  class=\"menu-item menu-item-type-taxonomy menu-item-object-category menu-item-4673 awb-menu__li awb-menu__main-li awb-menu__main-li_regular\"  data-item-id=\"4673\"><span class=\"awb-menu__main-background-default awb-menu__main-background-default_fade\"><\/span><span class=\"awb-menu__main-background-active awb-menu__main-background-active_fade\"><\/span><a  href=\"https:\/\/www.decoexsa.com\/en\/category\/sectorial-en\/\" class=\"awb-menu__main-a awb-menu__main-a_regular\"><span class=\"menu-text\">Sectorial<\/span><\/a><\/li><\/ul><\/nav><\/div><\/div><\/div><\/div><div class=\"fusion-fullwidth fullwidth-box fusion-builder-row-2 fusion-flex-container has-pattern-background has-mask-background gradient-container-2 nonhundred-percent-fullwidth non-hundred-percent-height-scrolling\" style=\"--awb-background-blend-mode:lighten;--awb-border-radius-top-left:0px;--awb-border-radius-top-right:0px;--awb-border-radius-bottom-right:0px;--awb-border-radius-bottom-left:0px;--awb-padding-top:60px;--awb-padding-bottom:60px;--awb-flex-wrap:wrap;\" ><div class=\"fusion-builder-row fusion-row fusion-flex-align-items-flex-start fusion-flex-content-wrap\" style=\"max-width:1248px;margin-left: calc(-4% \/ 2 );margin-right: calc(-4% \/ 2 );\"><div class=\"fusion-layout-column fusion_builder_column fusion-builder-column-1 fusion_builder_column_1_1 1_1 fusion-flex-column\" style=\"--awb-bg-size:cover;--awb-width-large:100%;--awb-margin-top-large:0px;--awb-spacing-right-large:1.92%;--awb-margin-bottom-large:0px;--awb-spacing-left-large:3.84%;--awb-width-medium:100%;--awb-spacing-right-medium:1.92%;--awb-spacing-left-medium:3.84%;--awb-width-small:100%;--awb-spacing-right-small:1.92%;--awb-spacing-left-small:1.92%;\"><div class=\"fusion-column-wrapper fusion-flex-justify-content-flex-start fusion-content-layout-column\"><div class=\"fusion-blog-shortcode fusion-blog-shortcode-1 fusion-blog-archive fusion-blog-layout-grid-wrapper fusion-blog-infinite\" style=\"--awb-title-font-size:20px;--awb-title-line-height:1.2;--awb-title-font-family:&quot;Lato&quot;;--awb-title-font-style:normal;--awb-title-font-weight:700;\"><style type=\"text\/css\">.fusion-blog-shortcode-1 .fusion-blog-layout-grid .fusion-post-grid{padding:20px;}.fusion-blog-shortcode-1 .fusion-posts-container{margin-left: -20px !important; margin-right:-20px !important;}<\/style><div class=\"fusion-posts-container fusion-posts-container-infinite fusion-blog-layout-grid fusion-blog-layout-grid-3 isotope\" data-pages=\"41\" data-grid-col-space=\"40\" style=\"margin: -20px -20px 0;min-height:500px;\"><article id=\"blog-1-post-6387\" class=\"fusion-post-grid post-6387 post type-post status-publish format-standard has-post-thumbnail hentry category-sectorial\">\n<div class=\"fusion-post-wrapper\" style=\"background-color:rgba(255,255,255,0);border:1px solid var(--awb-color2);border-bottom-width:3px;\">\n\n\t\t\t<div class=\"fusion-flexslider flexslider fusion-flexslider-loading fusion-post-slideshow\" style=\"border-color:var(--awb-color2);\">\n\t\t<ul class=\"slides\">\n\t\t\t\n\t\t\t\t\t\t\t\t\t\t\t\t\t\t<li><div  class=\"fusion-image-wrapper\" aria-haspopup=\"true\">\n\t\t\t\t\t\t\t<a href=\"https:\/\/www.decoexsa.com\/en\/la-microeconomia-del-demurrage-detention-o-como-los-recargos-moldean-el-comportamiento-logistico\/\" aria-label=\"La microeconom\u00eda del demurrage &#038; detention o c\u00f3mo las penalizaciones moldean el comportamiento log\u00edstico\">\n\t\t\t\t\t\t\t<img decoding=\"async\" width=\"1920\" height=\"720\" src=\"https:\/\/www.decoexsa.com\/wp-content\/uploads\/2026\/05\/demurrage.jpg\" class=\"attachment-full size-full lazyload wp-post-image\" alt=\"\" srcset=\"data:image\/svg+xml,%3Csvg%20xmlns%3D%27http%3A%2F%2Fwww.w3.org%2F2000%2Fsvg%27%20width%3D%271920%27%20height%3D%27720%27%20viewBox%3D%270%200%201920%20720%27%3E%3Crect%20width%3D%271920%27%20height%3D%27720%27%20fill-opacity%3D%220%22%2F%3E%3C%2Fsvg%3E\" data-orig-src=\"https:\/\/www.decoexsa.com\/wp-content\/uploads\/2026\/05\/demurrage.jpg\" data-srcset=\"https:\/\/www.decoexsa.com\/wp-content\/uploads\/2026\/05\/demurrage-200x75.jpg 200w, https:\/\/www.decoexsa.com\/wp-content\/uploads\/2026\/05\/demurrage-400x150.jpg 400w, https:\/\/www.decoexsa.com\/wp-content\/uploads\/2026\/05\/demurrage-600x225.jpg 600w, https:\/\/www.decoexsa.com\/wp-content\/uploads\/2026\/05\/demurrage-800x300.jpg 800w, https:\/\/www.decoexsa.com\/wp-content\/uploads\/2026\/05\/demurrage-1200x450.jpg 1200w, https:\/\/www.decoexsa.com\/wp-content\/uploads\/2026\/05\/demurrage.jpg 1920w\" data-sizes=\"auto\" \/>\t\t\t<\/a>\n\t\t\t\t\t\t\t<\/div>\n<\/li>\n\t\t\t\n\t\t\t\n\t\t\t\t\t\t\t\t\t\t\t\t\t\t\t\t\t\t\t\t\t\t\t\t\t\t\t\t\t\t\t\t\t\t\t\t\t\t\t\t\t\t\t\t\t\t\t\t\t\t\t\t\t\t\t\t\t\t\t\t\t\t\t\t\t\t\t\t<\/ul>\n\t<\/div>\n\t<div class=\"fusion-post-content-wrapper\" style=\"padding:30px 25px 25px 25px;\"><div class=\"fusion-post-content post-content\"><h2 class=\"blog-shortcode-post-title entry-title\"><a href=\"https:\/\/www.decoexsa.com\/en\/la-microeconomia-del-demurrage-detention-o-como-los-recargos-moldean-el-comportamiento-logistico\/\">La microeconom\u00eda del demurrage &#038; detention o c\u00f3mo las penalizaciones moldean el comportamiento log\u00edstico<\/a><\/h2><p class=\"fusion-single-line-meta\"><span class=\"vcard\" style=\"display: none;\"><span class=\"fn\"><a href=\"https:\/\/www.decoexsa.com\/en\/author\/dexoexadm\/\" title=\"Posts by dexoexadm\" rel=\"author\">dexoexadm<\/a><\/span><\/span><span class=\"updated\" style=\"display:none;\">2026-05-05T17:46:34+02:00<\/span><a href=\"https:\/\/www.decoexsa.com\/category\/sectorial\/\" rel=\"category tag\">Sectorial<\/a><span class=\"fusion-inline-sep\">|<\/span><\/p><\/div><\/div><div class=\"fusion-clearfix\"><\/div><\/div>\n<\/article>\n<article id=\"blog-1-post-6370\" class=\"fusion-post-grid post-6370 post type-post status-publish format-standard has-post-thumbnail hentry category-sectorial\">\n<div class=\"fusion-post-wrapper\" style=\"background-color:rgba(255,255,255,0);border:1px solid var(--awb-color2);border-bottom-width:3px;\">\n\n\t\t\t<div class=\"fusion-flexslider flexslider fusion-flexslider-loading fusion-post-slideshow\" style=\"border-color:var(--awb-color2);\">\n\t\t<ul class=\"slides\">\n\t\t\t\n\t\t\t\t\t\t\t\t\t\t\t\t\t\t<li><div  class=\"fusion-image-wrapper\" aria-haspopup=\"true\">\n\t\t\t\t\t\t\t<a href=\"https:\/\/www.decoexsa.com\/en\/sensores-inteligentes\/\" aria-label=\"Sensores inteligentes\">\n\t\t\t\t\t\t\t<img decoding=\"async\" width=\"1920\" height=\"1281\" src=\"https:\/\/www.decoexsa.com\/wp-content\/uploads\/2026\/05\/Sensores-inteligente1920.jpg\" class=\"attachment-full size-full lazyload wp-post-image\" alt=\"\" srcset=\"data:image\/svg+xml,%3Csvg%20xmlns%3D%27http%3A%2F%2Fwww.w3.org%2F2000%2Fsvg%27%20width%3D%271920%27%20height%3D%271281%27%20viewBox%3D%270%200%201920%201281%27%3E%3Crect%20width%3D%271920%27%20height%3D%271281%27%20fill-opacity%3D%220%22%2F%3E%3C%2Fsvg%3E\" data-orig-src=\"https:\/\/www.decoexsa.com\/wp-content\/uploads\/2026\/05\/Sensores-inteligente1920.jpg\" data-srcset=\"https:\/\/www.decoexsa.com\/wp-content\/uploads\/2026\/05\/Sensores-inteligente1920-200x133.jpg 200w, https:\/\/www.decoexsa.com\/wp-content\/uploads\/2026\/05\/Sensores-inteligente1920-400x267.jpg 400w, https:\/\/www.decoexsa.com\/wp-content\/uploads\/2026\/05\/Sensores-inteligente1920-600x400.jpg 600w, https:\/\/www.decoexsa.com\/wp-content\/uploads\/2026\/05\/Sensores-inteligente1920-800x534.jpg 800w, https:\/\/www.decoexsa.com\/wp-content\/uploads\/2026\/05\/Sensores-inteligente1920-1200x801.jpg 1200w, https:\/\/www.decoexsa.com\/wp-content\/uploads\/2026\/05\/Sensores-inteligente1920.jpg 1920w\" data-sizes=\"auto\" \/>\t\t\t<\/a>\n\t\t\t\t\t\t\t<\/div>\n<\/li>\n\t\t\t\n\t\t\t\n\t\t\t\t\t\t\t\t\t\t\t\t\t\t\t\t\t\t\t\t\t\t\t\t\t\t\t\t\t\t\t\t\t\t\t\t\t\t\t\t\t\t\t\t\t\t\t\t\t\t\t\t\t\t\t\t\t\t\t\t\t\t\t\t\t\t\t\t<\/ul>\n\t<\/div>\n\t<div class=\"fusion-post-content-wrapper\" style=\"padding:30px 25px 25px 25px;\"><div class=\"fusion-post-content post-content\"><h2 class=\"blog-shortcode-post-title entry-title\"><a href=\"https:\/\/www.decoexsa.com\/en\/sensores-inteligentes\/\">Sensores inteligentes<\/a><\/h2><p class=\"fusion-single-line-meta\"><span class=\"vcard\" style=\"display: none;\"><span class=\"fn\"><a href=\"https:\/\/www.decoexsa.com\/en\/author\/dexoexadm\/\" title=\"Posts by dexoexadm\" rel=\"author\">dexoexadm<\/a><\/span><\/span><span class=\"updated\" style=\"display:none;\">2026-05-04T08:20:23+02:00<\/span><a href=\"https:\/\/www.decoexsa.com\/category\/sectorial\/\" rel=\"category tag\">Sectorial<\/a><span class=\"fusion-inline-sep\">|<\/span><\/p><\/div><\/div><div class=\"fusion-clearfix\"><\/div><\/div>\n<\/article>\n<article id=\"blog-1-post-6347\" class=\"fusion-post-grid post-6347 post type-post status-publish format-standard has-post-thumbnail hentry category-sectorial\">\n<div class=\"fusion-post-wrapper\" style=\"background-color:rgba(255,255,255,0);border:1px solid var(--awb-color2);border-bottom-width:3px;\">\n\n\t\t\t<div class=\"fusion-flexslider flexslider fusion-flexslider-loading fusion-post-slideshow\" style=\"border-color:var(--awb-color2);\">\n\t\t<ul class=\"slides\">\n\t\t\t\n\t\t\t\t\t\t\t\t\t\t\t\t\t\t<li><div  class=\"fusion-image-wrapper\" aria-haspopup=\"true\">\n\t\t\t\t\t\t\t<a href=\"https:\/\/www.decoexsa.com\/en\/como-realizar-una-buen-planificacion-de-rutas\/\" aria-label=\"C\u00f3mo realizar una buen planificaci\u00f3n de rutas\">\n\t\t\t\t\t\t\t<img decoding=\"async\" width=\"1920\" height=\"1282\" src=\"https:\/\/www.decoexsa.com\/wp-content\/uploads\/2026\/04\/microvideo-planificar-rutas.jpg\" class=\"attachment-full size-full lazyload wp-post-image\" alt=\"\" srcset=\"data:image\/svg+xml,%3Csvg%20xmlns%3D%27http%3A%2F%2Fwww.w3.org%2F2000%2Fsvg%27%20width%3D%271920%27%20height%3D%271282%27%20viewBox%3D%270%200%201920%201282%27%3E%3Crect%20width%3D%271920%27%20height%3D%271282%27%20fill-opacity%3D%220%22%2F%3E%3C%2Fsvg%3E\" data-orig-src=\"https:\/\/www.decoexsa.com\/wp-content\/uploads\/2026\/04\/microvideo-planificar-rutas.jpg\" data-srcset=\"https:\/\/www.decoexsa.com\/wp-content\/uploads\/2026\/04\/microvideo-planificar-rutas-200x134.jpg 200w, https:\/\/www.decoexsa.com\/wp-content\/uploads\/2026\/04\/microvideo-planificar-rutas-400x267.jpg 400w, https:\/\/www.decoexsa.com\/wp-content\/uploads\/2026\/04\/microvideo-planificar-rutas-600x401.jpg 600w, https:\/\/www.decoexsa.com\/wp-content\/uploads\/2026\/04\/microvideo-planificar-rutas-800x534.jpg 800w, https:\/\/www.decoexsa.com\/wp-content\/uploads\/2026\/04\/microvideo-planificar-rutas-1200x801.jpg 1200w, https:\/\/www.decoexsa.com\/wp-content\/uploads\/2026\/04\/microvideo-planificar-rutas.jpg 1920w\" data-sizes=\"auto\" \/>\t\t\t<\/a>\n\t\t\t\t\t\t\t<\/div>\n<\/li>\n\t\t\t\n\t\t\t\n\t\t\t\t\t\t\t\t\t\t\t\t\t\t\t\t\t\t\t\t\t\t\t\t\t\t\t\t\t\t\t\t\t\t\t\t\t\t\t\t\t\t\t\t\t\t\t\t\t\t\t\t\t\t\t\t\t\t\t\t\t\t\t\t\t\t\t\t<\/ul>\n\t<\/div>\n\t<div class=\"fusion-post-content-wrapper\" style=\"padding:30px 25px 25px 25px;\"><div class=\"fusion-post-content post-content\"><h2 class=\"blog-shortcode-post-title entry-title\"><a href=\"https:\/\/www.decoexsa.com\/en\/como-realizar-una-buen-planificacion-de-rutas\/\">C\u00f3mo realizar una buen planificaci\u00f3n de rutas<\/a><\/h2><p class=\"fusion-single-line-meta\"><span class=\"vcard\" style=\"display: none;\"><span class=\"fn\"><a href=\"https:\/\/www.decoexsa.com\/en\/author\/dexoexadm\/\" title=\"Posts by dexoexadm\" rel=\"author\">dexoexadm<\/a><\/span><\/span><span class=\"updated\" style=\"display:none;\">2026-04-27T09:44:21+02:00<\/span><a href=\"https:\/\/www.decoexsa.com\/category\/sectorial\/\" rel=\"category tag\">Sectorial<\/a><span class=\"fusion-inline-sep\">|<\/span><\/p><\/div><\/div><div class=\"fusion-clearfix\"><\/div><\/div>\n<\/article>\n<div class=\"fusion-clearfix\"><\/div><\/div><div class=\"fusion-infinite-scroll-trigger\"><\/div><div class=\"pagination infinite-scroll clearfix\" style=\"display:none;\"><span class=\"current\">1<\/span><a href=\"https:\/\/www.decoexsa.com\/en\/wp-json\/wp\/v2\/pages\/1954\/page\/2\/\" class=\"inactive\">2<\/a><a class=\"pagination-next\" rel=\"next\" href=\"https:\/\/www.decoexsa.com\/en\/wp-json\/wp\/v2\/pages\/1954\/page\/2\/\"><span class=\"page-text\">Next<\/span><span class=\"page-next\"><\/span><\/a><\/div><div class=\"fusion-clearfix\"><\/div><\/div><\/div><\/div><\/div><\/div><\/p>\n","protected":false},"excerpt":{"rendered":"","protected":false},"author":1,"featured_media":0,"parent":0,"menu_order":0,"comment_status":"closed","ping_status":"closed","template":"100-width.php","meta":{"_acf_changed":false,"footnotes":""},"class_list":["post-1954","page","type-page","status-publish","hentry"],"acf":[],"yoast_head":"<!-- This site is optimized with the Yoast SEO plugin v24.2 - https:\/\/yoast.com\/wordpress\/plugins\/seo\/ -->\n<title>News - Decoexsa<\/title>\n<meta name=\"description\" content=\"Decoexsa blog featuring sectoral information on logistics and transport, success stories and corporate information.\" \/>\n<meta name=\"robots\" content=\"index, follow, max-snippet:-1, max-image-preview:large, max-video-preview:-1\" \/>\n<link rel=\"canonical\" href=\"https:\/\/www.decoexsa.com\/en\/news\/\" \/>\n<meta property=\"og:locale\" content=\"en_US\" \/>\n<meta property=\"og:type\" content=\"article\" \/>\n<meta property=\"og:title\" content=\"News - Decoexsa\" \/>\n<meta property=\"og:description\" content=\"Decoexsa blog featuring sectoral information on logistics and transport, success stories and corporate information.\" \/>\n<meta property=\"og:url\" content=\"https:\/\/www.decoexsa.com\/en\/news\/\" \/>\n<meta property=\"og:site_name\" content=\"Decoexsa\" \/>\n<meta property=\"article:modified_time\" content=\"2023-12-18T11:53:45+00:00\" \/>\n<meta name=\"twitter:card\" content=\"summary_large_image\" \/>\n<meta name=\"twitter:label1\" content=\"Est. reading time\" \/>\n\t<meta name=\"twitter:data1\" content=\"4 minutes\" \/>\n<script type=\"application\/ld+json\" class=\"yoast-schema-graph\">{\"@context\":\"https:\/\/schema.org\",\"@graph\":[{\"@type\":\"WebPage\",\"@id\":\"https:\/\/www.decoexsa.com\/en\/news\/\",\"url\":\"https:\/\/www.decoexsa.com\/en\/news\/\",\"name\":\"News - Decoexsa\",\"isPartOf\":{\"@id\":\"https:\/\/www.decoexsa.com\/en\/#website\"},\"datePublished\":\"2022-10-06T12:33:07+00:00\",\"dateModified\":\"2023-12-18T11:53:45+00:00\",\"description\":\"Decoexsa blog featuring sectoral information on logistics and transport, success stories and corporate information.\",\"breadcrumb\":{\"@id\":\"https:\/\/www.decoexsa.com\/en\/news\/#breadcrumb\"},\"inLanguage\":\"en-US\",\"potentialAction\":[{\"@type\":\"ReadAction\",\"target\":[\"https:\/\/www.decoexsa.com\/en\/news\/\"]}]},{\"@type\":\"BreadcrumbList\",\"@id\":\"https:\/\/www.decoexsa.com\/en\/news\/#breadcrumb\",\"itemListElement\":[{\"@type\":\"ListItem\",\"position\":1,\"name\":\"Portada\",\"item\":\"https:\/\/www.decoexsa.com\/en\/\"},{\"@type\":\"ListItem\",\"position\":2,\"name\":\"News\"}]},{\"@type\":\"WebSite\",\"@id\":\"https:\/\/www.decoexsa.com\/en\/#website\",\"url\":\"https:\/\/www.decoexsa.com\/en\/\",\"name\":\"Decoexsa\",\"description\":\"\",\"potentialAction\":[{\"@type\":\"SearchAction\",\"target\":{\"@type\":\"EntryPoint\",\"urlTemplate\":\"https:\/\/www.decoexsa.com\/en\/?s={search_term_string}\"},\"query-input\":{\"@type\":\"PropertyValueSpecification\",\"valueRequired\":true,\"valueName\":\"search_term_string\"}}],\"inLanguage\":\"en-US\"}]}<\/script>\n<!-- \/ Yoast SEO plugin. -->","yoast_head_json":{"title":"News - Decoexsa","description":"Decoexsa blog featuring sectoral information on logistics and transport, success stories and corporate information.","robots":{"index":"index","follow":"follow","max-snippet":"max-snippet:-1","max-image-preview":"max-image-preview:large","max-video-preview":"max-video-preview:-1"},"canonical":"https:\/\/www.decoexsa.com\/en\/news\/","og_locale":"en_US","og_type":"article","og_title":"News - Decoexsa","og_description":"Decoexsa blog featuring sectoral information on logistics and transport, success stories and corporate information.","og_url":"https:\/\/www.decoexsa.com\/en\/news\/","og_site_name":"Decoexsa","article_modified_time":"2023-12-18T11:53:45+00:00","twitter_card":"summary_large_image","twitter_misc":{"Est. reading time":"4 minutes"},"schema":{"@context":"https:\/\/schema.org","@graph":[{"@type":"WebPage","@id":"https:\/\/www.decoexsa.com\/en\/news\/","url":"https:\/\/www.decoexsa.com\/en\/news\/","name":"News - Decoexsa","isPartOf":{"@id":"https:\/\/www.decoexsa.com\/en\/#website"},"datePublished":"2022-10-06T12:33:07+00:00","dateModified":"2023-12-18T11:53:45+00:00","description":"Decoexsa blog featuring sectoral information on logistics and transport, success stories and corporate information.","breadcrumb":{"@id":"https:\/\/www.decoexsa.com\/en\/news\/#breadcrumb"},"inLanguage":"en-US","potentialAction":[{"@type":"ReadAction","target":["https:\/\/www.decoexsa.com\/en\/news\/"]}]},{"@type":"BreadcrumbList","@id":"https:\/\/www.decoexsa.com\/en\/news\/#breadcrumb","itemListElement":[{"@type":"ListItem","position":1,"name":"Portada","item":"https:\/\/www.decoexsa.com\/en\/"},{"@type":"ListItem","position":2,"name":"News"}]},{"@type":"WebSite","@id":"https:\/\/www.decoexsa.com\/en\/#website","url":"https:\/\/www.decoexsa.com\/en\/","name":"Decoexsa","description":"","potentialAction":[{"@type":"SearchAction","target":{"@type":"EntryPoint","urlTemplate":"https:\/\/www.decoexsa.com\/en\/?s={search_term_string}"},"query-input":{"@type":"PropertyValueSpecification","valueRequired":true,"valueName":"search_term_string"}}],"inLanguage":"en-US"}]}},"_links":{"self":[{"href":"https:\/\/www.decoexsa.com\/en\/wp-json\/wp\/v2\/pages\/1954","targetHints":{"allow":["GET"]}}],"collection":[{"href":"https:\/\/www.decoexsa.com\/en\/wp-json\/wp\/v2\/pages"}],"about":[{"href":"https:\/\/www.decoexsa.com\/en\/wp-json\/wp\/v2\/types\/page"}],"author":[{"embeddable":true,"href":"https:\/\/www.decoexsa.com\/en\/wp-json\/wp\/v2\/users\/1"}],"replies":[{"embeddable":true,"href":"https:\/\/www.decoexsa.com\/en\/wp-json\/wp\/v2\/comments?post=1954"}],"version-history":[{"count":0,"href":"https:\/\/www.decoexsa.com\/en\/wp-json\/wp\/v2\/pages\/1954\/revisions"}],"wp:attachment":[{"href":"https:\/\/www.decoexsa.com\/en\/wp-json\/wp\/v2\/media?parent=1954"}],"curies":[{"name":"wp","href":"https:\/\/api.w.org\/{rel}","templated":true}]}}